{"id":133,"date":"2009-09-01T23:57:04","date_gmt":"2009-09-01T21:57:04","guid":{"rendered":"http:\/\/www.cuforum.pl\/wp\/?page_id=133"},"modified":"2025-06-07T11:06:37","modified_gmt":"2025-06-07T11:06:37","slug":"pracownia-rzezby-i-ceramiki","status":"publish","type":"page","link":"https:\/\/s.cuforum.pl\/?page_id=133","title":{"rendered":"Pracownia"},"content":{"rendered":"<p><strong>W Pracowni Rze\u017aby i Ceramiki realizowane s\u0105:<\/strong><\/p>\n<p>&#8211; zaj\u0119cia warsztatowe dla dzieci i dla doros\u0142ych,<br \/>\n&#8211; kursy ceramiki dla nauczycieli, instruktor\u00f3w\u00a0 terapii zaj\u0119ciowej, arteterapeut\u00f3w zako\u0144czone otrzymaniem certyfikatu<br \/>\n&#8211; spotkania z ceramik\u0105 dla klas szkolnych- pokazy plenerowe wypa\u0142u ceramiki w piecach polowych<br \/>\n&#8211; dla zaawansowanych pokazy formowania i wypa\u0142 ceramiki zgodnie z japo\u0144ska technik\u0105 RAKU<br \/>\n&#8211; pokazy formowania na toczku garncarskim<br \/>\n&#8211; spotkania okoliczno\u015bciowe po\u0142\u0105czone z warsztatami ceramicznymi<br \/>\n&#8211; zaj\u0119cia indywidualne<br \/>\n&#8211; konsultacje<br \/>\n&#8211; zaj\u0119cia i pokazy wyjazdowe<\/p>\n<p><a href=\"http:\/\/picasaweb.google.com\/artceramika\/ZajeciaWPracowni#5263071202631656834\"><img decoding=\"async\" class=\"alignnone\" src=\"http:\/\/lh4.ggpht.com\/_eZnmGJYs0D0\/SQovX7RypYI\/AAAAAAAAAhM\/sAEWntkqCLE\/s160-c\/Pracownia%20Rze%C5%BAby%20i%20Ceramiki%202008-10-22%2018-02-20.JPG\" alt=\"Pracownia Rze\u017aby i Ceramiki 2008-10-22 18-02-20.JPG\" width=\"160\" height=\"160\" \/><\/a>\u00a0 \u00a0\u00a0<a href=\"http:\/\/picasaweb.google.com\/artceramika\/ZajeciaWPracowni#5263071310863986050\"><img decoding=\"async\" src=\"http:\/\/lh3.ggpht.com\/_eZnmGJYs0D0\/SQoveOeY7YI\/AAAAAAAAAic\/fxijZ9ixORI\/s160-c\/Pracownia%20Rze%C5%BAby%20i%20Ceramiki%202008-10-22%2018-09-08.JPG\" alt=\"Pracownia Rze\u017aby i Ceramiki 2008-10-22 18-09-08.JPG\" width=\"160\" height=\"160\" \/><\/a><\/p>\n<p><a href=\"http:\/\/picasaweb.google.com\/artceramika\/ZajeciaWPracowni#5263071329525755762\"><img decoding=\"async\" src=\"http:\/\/lh4.ggpht.com\/_eZnmGJYs0D0\/SQovfT_s73I\/AAAAAAAAAis\/74qDBC3Jhv8\/s160-c\/Pracownia%20Rze%C5%BAby%20i%20Ceramiki%202008-10-22%2018-10-55.JPG\" alt=\"Pracownia Rze\u017aby i Ceramiki 2008-10-22 18-10-55.JPG\" width=\"160\" height=\"160\" \/><\/a>\u00a0 \u00a0<a href=\"http:\/\/picasaweb.google.com\/artceramika\/ZajeciaWPracowni#5263071643652832018\"><img loading=\"lazy\" decoding=\"async\" src=\"http:\/\/lh4.ggpht.com\/_eZnmGJYs0D0\/SQovxmNbuxI\/AAAAAAAAAl4\/KhUy8ZKp3AQ\/s160-c\/Pracownia%20Rze%C5%BAby%20i%20Ceramiki%202008-10-23%2017-38-37.JPG\" alt=\"Pracownia Rze\u017aby i Ceramiki 2008-10-23 17-38-37.JPG\" width=\"160\" height=\"160\" \/><\/a><\/p>\n<p><a href=\"http:\/\/picasaweb.google.com\/artceramika\/ZajeciaWPracowni#5263071715650720722\"><img loading=\"lazy\" decoding=\"async\" src=\"http:\/\/lh6.ggpht.com\/_eZnmGJYs0D0\/SQov1ybEU9I\/AAAAAAAAAmg\/AN0ssgMhjAY\/s160-c\/Pracownia%20Rze%C5%BAby%20i%20Ceramiki%202008-10-23%2017-46-48.JPG\" alt=\"Pracownia Rze\u017aby i Ceramiki 2008-10-23 17-46-48.JPG\" width=\"160\" height=\"160\" \/><\/a>\u00a0 \u00a0<a href=\"http:\/\/picasaweb.google.com\/artceramika\/ZajeciaWPracowni#5263071836877801922\"><img loading=\"lazy\" decoding=\"async\" src=\"http:\/\/lh4.ggpht.com\/_eZnmGJYs0D0\/SQov82B2ycI\/AAAAAAAAAnc\/0bZmwSpOEr8\/s160-c\/Pracownia%20Rze%C5%BAby%20i%20Ceramiki%202008-10-23%2017-54-53.JPG\" alt=\"Pracownia Rze\u017aby i Ceramiki 2008-10-23 17-54-53.JPG\" width=\"160\" height=\"160\" \/><\/a><\/p>\n<p><a href=\"http:\/\/picasaweb.google.com\/artceramika\/ZajeciaWPracowni#5263071871537219234\"><img loading=\"lazy\" decoding=\"async\" src=\"http:\/\/lh5.ggpht.com\/_eZnmGJYs0D0\/SQov-3JThqI\/AAAAAAAAAn0\/0yKe1RaLczQ\/s160-c\/Pracownia%20Rze%C5%BAby%20i%20Ceramiki%202008-10-23%2018-04-25.JPG\" alt=\"Pracownia Rze\u017aby i Ceramiki 2008-10-23 18-04-25.JPG\" width=\"160\" height=\"160\" \/><\/a>\u00a0\u00a0<a href=\"http:\/\/picasaweb.google.com\/artceramika\/ZajeciaWPracowni#5263072089677400642\"><img loading=\"lazy\" decoding=\"async\" src=\"http:\/\/lh3.ggpht.com\/_eZnmGJYs0D0\/SQowLjx-ikI\/AAAAAAAAAp8\/4vJn9s6Z2eQ\/s160-c\/Pracownia%20Rze%C5%BAby%20i%20Ceramiki%202008-10-23%2018-55-20.JPG\" alt=\"Pracownia Rze\u017aby i Ceramiki 2008-10-23 18-55-20.JPG\" width=\"160\" height=\"160\" \/><\/a><\/p>\n<p><a href=\"https:\/\/picasaweb.google.com\/artceramika\/HOMOCERAMICUS\" target=\"_blank\" rel=\"noopener\">HOMO CERAMICUS 2011<\/a> &#8211; \u00a0wystawa adept\u00f3w warsztat\u00f3w ceramicznych (prace).<\/p>\n<p><a href=\"https:\/\/picasaweb.google.com\/116953642879392925403\/HOMOCERAMICUS2012\">HOMO CERAMICUS 2012<\/a> &#8211; prace uczestnik\u00f3w warsztat\u00f3w, sezon 2011\/2012.<\/p>\n<p>[stextbox id=&#8221;info&#8221;]Zapisy: Aleksandra Kwolek,\u00a0tel: +48 608 724 022\u00a0email: aleksandra@kwolek.eu[\/stextbox]<\/p>\n<p>Mapa dojazdu:<\/p>\n<p><iframe src=\"https:\/\/maps.google.com\/maps?f=q&amp;source=s_q&amp;hl=en&amp;geocode=&amp;q=Stowarzyszenie+Forum+Ceramik%C3%B3w,+Pracownia+Rze%C5%BAby+i+Ceramiki,+Ksi%C4%99cia++Ziemowita+1,+Gliwice,+Poland&amp;aq=0&amp;oq=Pracownia+&amp;sll=50.292118,18.665282&amp;sspn=0.00876,0.022724&amp;t=w&amp;ie=UTF8&amp;hq=Stowarzyszenie+Forum+Ceramik%C3%B3w,+Pracownia+Rze%C5%BAby+i+Ceramiki,&amp;hnear=Ksi%C4%99cia+Ziemowita+1,+Gliwice,+%C5%9Bl%C4%85skie,+Poland&amp;ll=50.291878,18.665271&amp;spn=0.006295,0.006295&amp;output=embed\" width=\"512\" height=\"420\" frameborder=\"0\" marginwidth=\"0\" marginheight=\"0\" scrolling=\"no\"><\/iframe><br \/>\n<small><a style=\"color: #0000ff; text-align: left;\" href=\"https:\/\/maps.google.com\/maps?f=q&amp;source=embed&amp;hl=en&amp;geocode=&amp;q=Stowarzyszenie+Forum+Ceramik%C3%B3w,+Pracownia+Rze%C5%BAby+i+Ceramiki,+Ksi%C4%99cia++Ziemowita+1,+Gliwice,+Poland&amp;aq=0&amp;oq=Pracownia+&amp;sll=50.292118,18.665282&amp;sspn=0.00876,0.022724&amp;t=w&amp;ie=UTF8&amp;hq=Stowarzyszenie+Forum+Ceramik%C3%B3w,+Pracownia+Rze%C5%BAby+i+Ceramiki,&amp;hnear=Ksi%C4%99cia+Ziemowita+1,+Gliwice,+%C5%9Bl%C4%85skie,+Poland&amp;ll=50.291878,18.665271&amp;spn=0.006295,0.006295\">Poka\u017c wi\u0119ksz\u0105 map\u0119<\/a><\/small><\/p>\n","protected":false},"excerpt":{"rendered":"<p>W Pracowni Rze\u017aby i Ceramiki realizowane s\u0105: &#8211; zaj\u0119cia warsztatowe dla dzieci i dla doros\u0142ych, &#8211; kursy ceramiki dla nauczycieli, instruktor\u00f3w\u00a0 terapii zaj\u0119ciowej, arteterapeut\u00f3w zako\u0144czone otrzymaniem certyfikatu &#8211; spotkania z ceramik\u0105 dla klas szkolnych- pokazy plenerowe wypa\u0142u ceramiki w piecach polowych &#8211; dla zaawansowanych pokazy formowania i wypa\u0142 ceramiki zgodnie z japo\u0144ska technik\u0105 RAKU &#8211;&#8230;<\/p>\n","protected":false},"author":1,"featured_media":0,"parent":0,"menu_order":5,"comment_status":"closed","ping_status":"open","template":"","meta":{"_uag_custom_page_level_css":"","_kadence_starter_templates_imported_post":false,"_kad_post_transparent":"","_kad_post_title":"","_kad_post_layout":"","_kad_post_sidebar_id":"","_kad_post_content_style":"","_kad_post_vertical_padding":"","_kad_post_feature":"","_kad_post_feature_position":"","_kad_post_header":false,"_kad_post_footer":false,"_kad_post_classname":"","footnotes":""},"class_list":["post-133","page","type-page","status-publish","hentry"],"uagb_featured_image_src":{"full":false,"thumbnail":false,"medium":false,"medium_large":false,"large":false,"1536x1536":false,"2048x2048":false},"uagb_author_info":{"display_name":"zkm","author_link":"https:\/\/s.cuforum.pl\/?author=1"},"uagb_comment_info":2,"uagb_excerpt":"W Pracowni Rze\u017aby i Ceramiki realizowane s\u0105: &#8211; zaj\u0119cia warsztatowe dla dzieci i dla doros\u0142ych, &#8211; kursy ceramiki dla nauczycieli, instruktor\u00f3w\u00a0 terapii zaj\u0119ciowej, arteterapeut\u00f3w zako\u0144czone otrzymaniem certyfikatu &#8211; spotkania z ceramik\u0105 dla klas szkolnych- pokazy plenerowe wypa\u0142u ceramiki w piecach polowych &#8211; dla zaawansowanych pokazy formowania i wypa\u0142 ceramiki zgodnie z japo\u0144ska technik\u0105 RAKU &#8211;...","_links":{"self":[{"href":"https:\/\/s.cuforum.pl\/index.php?rest_route=\/wp\/v2\/pages\/133","targetHints":{"allow":["GET"]}}],"collection":[{"href":"https:\/\/s.cuforum.pl\/index.php?rest_route=\/wp\/v2\/pages"}],"about":[{"href":"https:\/\/s.cuforum.pl\/index.php?rest_route=\/wp\/v2\/types\/page"}],"author":[{"embeddable":true,"href":"https:\/\/s.cuforum.pl\/index.php?rest_route=\/wp\/v2\/users\/1"}],"replies":[{"embeddable":true,"href":"https:\/\/s.cuforum.pl\/index.php?rest_route=%2Fwp%2Fv2%2Fcomments&post=133"}],"version-history":[{"count":12,"href":"https:\/\/s.cuforum.pl\/index.php?rest_route=\/wp\/v2\/pages\/133\/revisions"}],"predecessor-version":[{"id":3307,"href":"https:\/\/s.cuforum.pl\/index.php?rest_route=\/wp\/v2\/pages\/133\/revisions\/3307"}],"wp:attachment":[{"href":"https:\/\/s.cuforum.pl\/index.php?rest_route=%2Fwp%2Fv2%2Fmedia&parent=133"}],"curies":[{"name":"wp","href":"https:\/\/api.w.org\/{rel}","templated":true}]}}