{"id":158,"date":"2009-09-02T09:32:11","date_gmt":"2009-09-02T07:32:11","guid":{"rendered":"http:\/\/www.cuforum.pl\/wp\/?page_id=158"},"modified":"2013-01-27T11:10:58","modified_gmt":"2013-01-27T11:10:58","slug":"czwartki-ceramiczne","status":"publish","type":"page","link":"https:\/\/s.cuforum.pl\/?page_id=158","title":{"rendered":"Czwartki ceramiczne"},"content":{"rendered":"<p><strong>Czwartki ceramiczne<\/strong> &#8211; to spotkania w &#8222;realu&#8221; ceramik\u00f3w i sympatyk\u00f3w ceramiki.\u00a0 Na pocz\u0105tku by\u0142o <a href=\"http:\/\/cuforum.pl\" target=\"_blank\">CuForum<\/a> &#8211; strona internetowa, to dzi\u0119ki niej zintegrowa\u0142a sie grupa, kt\u00f3ra z\u0142o\u017cy\u0142a\u00a0 Stowarzyszenie.\u00a0 My ju\u017c jednak\u00a0 wiemy, \u017ce kontakty &#8222;przez internet&#8221;\u00a0 nie zast\u0105pi\u0105 rado\u015bci bezpo\u015bredniego spotkania. Dlatego od 2004 roku spotykamy si\u0119 na rynku w Gliwicach<del> w Pubie III M [<em> od listopada 2009 zmiana nazwy na Club Magnes<\/em><\/del>] w ka\u017cdy trzeci czwartek miesi\u0105ca o godzinie 19:00.<\/p>\n<p>KOLEJNA ZMIANA!<\/p>\n<p>Pub III M ani Club Magnes nie przetrwa\u0142, musimy acz niech\u0119tnie zmieni\u0107 miejsce naszych spotka\u0144.<\/p>\n<p><span style=\"color: #000000;\"><strong> [stextbox id=&#8221;alert&#8221; caption=&#8221;Zmiana miejsca spotka\u0144&#8221;]W roku 2013 spotykamy si\u0119 w restauracji KIMLAN na rynku.[\/stextbox]<\/strong><\/span><\/p>\n<div class=\"pie-gallery alignGalleryCenter\">\n<div class=\"pie-item\" style=\"margin: 10px 10px 10px 10px;\">\n<p class=\"pie-img-wrapper\"><a title=\"PUB III M w RAtuszu - miejsce spotka\u0144\" href=\"http:\/\/picasaweb.google.com\/artceramika\/PierwszyCzwartekCeramicznyWGliwicach#5376771165857804882\"><img decoding=\"async\" class=\"pie-img\" alt=\"PUB III M w RAtuszu - miejsce spotka\u0144\" src=\"http:\/\/lh6.ggpht.com\/_eZnmGJYs0D0\/Sp4g41OEclI\/AAAAAAAAELE\/EPNJ800YYFY\/s160-c\/F1020036.jpg\" width=\"96\" height=\"96\" \/><\/a><\/p>\n<p class=\"pie-caption\" style=\"width: 160px;\">PUB III M w Ratuszu &#8211; miejsce spotka\u0144 (fot. 2004)<\/p>\n<\/div>\n<div class=\"pie-item\" style=\"margin: 10px 10px 10px 10px;\">\n<p class=\"pie-img-wrapper\"><a title=\"PUB III M w RAtuszu - miejsce spotka\u0144\" href=\"http:\/\/picasaweb.google.com\/artceramika\/PierwszyCzwartekCeramicznyWGliwicach#5376771177059643394\"><img decoding=\"async\" class=\"pie-img\" alt=\"PUB III M w RAtuszu - miejsce spotka\u0144\" src=\"http:\/\/lh6.ggpht.com\/_eZnmGJYs0D0\/Sp4g5e8y8AI\/AAAAAAAAELI\/yY1y4vVRowk\/s160-c\/F1020025.jpg\" width=\"96\" height=\"96\" \/><\/a><\/p>\n<p class=\"pie-caption\" style=\"width: 160px;\">\n<\/div>\n<div class=\"pie-item\" style=\"margin: 10px 10px 10px 10px;\">\n<p class=\"pie-img-wrapper\"><span style=\"color: #000080;\"><strong>W ka\u017cdy trzeci czwartek miesi\u0105ca zapraszamy do spotkania z nami, poznasz nasz stolik po ustawionej na nim cegle.<\/strong><\/span><\/p>\n<p class=\"pie-img-wrapper\">\n<div class=\"pie-gallery alignGalleryLeft\">\n<div class=\"pie-item\" style=\"margin: 10px 10px 10px 10px;\"><\/div>\n<div class=\"pie-item\" style=\"margin: 10px 10px 10px 10px;\">\n<p class=\"pie-img-wrapper\" style=\"text-align: center;\">\n<div class=\"pie-gallery alignGalleryLeft\">\n<div class=\"pie-item\" style=\"margin: 10px 10px 10px 10px;\">\n<p class=\"pie-img-wrapper\"><strong> <\/strong><strong><\/strong><strong> <\/strong><strong><a title=\"Ola oczekuje na ceramik\u00f3w\" href=\"http:\/\/picasaweb.google.com\/artceramika\/PierwszyCzwartekCeramicznyWGliwicach#5376771102220736578\"><img decoding=\"async\" class=\"pie-img\" alt=\"Ola oczekuje na ceramik\u00f3w\" src=\"http:\/\/lh6.ggpht.com\/_eZnmGJYs0D0\/Sp4g1IJz2EI\/AAAAAAAAEKk\/2foQH-uAwZM\/s72-c\/P1010001.jpg\" width=\"72\" height=\"72\" \/><\/a><\/strong><\/p>\n<p class=\"pie-caption\" style=\"width: 72px;\"><strong> <\/strong><strong> <\/strong><strong> <\/strong><strong><br \/>\n<\/strong><\/p>\n<\/div>\n<div class=\"pie-item\" style=\"margin: 10px 10px 10px 10px;\">\n<p class=\"pie-img-wrapper\"><strong> <\/strong><strong> <\/strong><strong> <\/strong><strong><a href=\"http:\/\/picasaweb.google.com\/artceramika\/PierwszyCzwartekCeramicznyWGliwicach#5376771112105810210\"><img loading=\"lazy\" decoding=\"async\" class=\"pie-img\" alt=\"P1010002.jpg\" src=\"http:\/\/lh3.ggpht.com\/_eZnmGJYs0D0\/Sp4g1s-mGSI\/AAAAAAAAEKo\/5bap034_Kwo\/s72-c\/P1010002.jpg\" width=\"72\" height=\"72\" \/><\/a><\/strong><\/p>\n<\/div>\n<div class=\"pie-item\" style=\"margin: 10px 10px 10px 10px;\">\n<p class=\"pie-img-wrapper\"><strong> <\/strong><strong> <\/strong><strong> <\/strong><strong><a href=\"http:\/\/picasaweb.google.com\/artceramika\/PierwszyCzwartekCeramicznyWGliwicach#5376771121146928994\"><img loading=\"lazy\" decoding=\"async\" class=\"pie-img\" alt=\"P1010004.jpg\" src=\"http:\/\/lh5.ggpht.com\/_eZnmGJYs0D0\/Sp4g2OqKn2I\/AAAAAAAAEKs\/Osbu3MgCpGI\/s72-c\/P1010004.jpg\" width=\"72\" height=\"72\" \/><\/a><\/strong><\/p>\n<\/div>\n<div class=\"pie-item\" style=\"margin: 10px 10px 10px 10px;\">\n<p class=\"pie-img-wrapper\"><strong> <\/strong><strong> <\/strong><strong> <\/strong><strong><a href=\"http:\/\/picasaweb.google.com\/artceramika\/PierwszyCzwartekCeramicznyWGliwicach#5376771129424372546\"><img loading=\"lazy\" decoding=\"async\" class=\"pie-img\" alt=\"P1010006.jpg\" src=\"http:\/\/lh3.ggpht.com\/_eZnmGJYs0D0\/Sp4g2tfqY0I\/AAAAAAAAEKw\/YxF4gzju0dY\/s72-c\/P1010006.jpg\" width=\"72\" height=\"72\" \/><\/a><\/strong><\/p>\n<\/div>\n<div class=\"pie-item\" style=\"margin: 10px 10px 10px 10px;\">\n<p class=\"pie-img-wrapper\"><strong> <\/strong><strong> <\/strong><strong> <\/strong><strong><a title=\"sprawozdanie\" href=\"http:\/\/picasaweb.google.com\/artceramika\/PierwszyCzwartekCeramicznyWGliwicach#5376771132785794674\"><img loading=\"lazy\" decoding=\"async\" class=\"pie-img\" alt=\"sprawozdanie\" src=\"http:\/\/lh3.ggpht.com\/_eZnmGJYs0D0\/Sp4g26BFnnI\/AAAAAAAAEK0\/oK_eHn7DP3Q\/s72-c\/strona.jpg\" width=\"72\" height=\"72\" \/><\/a><\/strong><\/p>\n<p class=\"pie-caption\" style=\"width: 72px;\"><span style=\"font-size: x-small;\">sprawozdanie<\/span><\/p>\n<\/div>\n<\/div>\n<p>&nbsp;<\/p>\n<\/div>\n<div class=\"pie-item\" style=\"margin: 10px 10px 10px 10px;\"><\/div>\n<div class=\"pie-item\" style=\"margin: 10px 10px 10px 10px;\">\n<p class=\"pie-img-wrapper\" style=\"text-align: center;\">\n<p style=\"text-align: left;\"><span style=\"color: #993300;\"><em><span style=\"font-size: xx-small;\">[ Pierwszy Czwartek Ceramiczny w Gliwicach.\u00a0 2004 foto Zbigniew Kwolek ]<\/span><\/em><\/span><\/p>\n<p><span style=\"color: #333333;\">Cuforumowe wspominki z <a href=\"http:\/\/stare.cuforum.pl\/index.php\/topic,572.0.html\" target=\"_blank\">pierwszych czwartkowych\u00a0 spotka\u0144<\/a><\/span><strong><br \/>\n<\/strong><\/p>\n<\/div>\n<\/div>\n<\/div>\n<\/div>\n","protected":false},"excerpt":{"rendered":"<p>Czwartki ceramiczne &#8211; to spotkania w &#8222;realu&#8221; ceramik\u00f3w i sympatyk\u00f3w ceramiki.\u00a0 Na pocz\u0105tku by\u0142o CuForum &#8211; strona internetowa, to dzi\u0119ki niej zintegrowa\u0142a sie grupa, kt\u00f3ra z\u0142o\u017cy\u0142a\u00a0 Stowarzyszenie.\u00a0 My ju\u017c jednak\u00a0 wiemy, \u017ce kontakty &#8222;przez internet&#8221;\u00a0 nie zast\u0105pi\u0105 rado\u015bci bezpo\u015bredniego spotkania. Dlatego od 2004 roku spotykamy si\u0119 na rynku w Gliwicach w Pubie III M [&#8230;<\/p>\n","protected":false},"author":1,"featured_media":0,"parent":125,"menu_order":0,"comment_status":"closed","ping_status":"open","template":"","meta":{"_uag_custom_page_level_css":"","_kadence_starter_templates_imported_post":false,"_kad_post_transparent":"","_kad_post_title":"","_kad_post_layout":"","_kad_post_sidebar_id":"","_kad_post_content_style":"","_kad_post_vertical_padding":"","_kad_post_feature":"","_kad_post_feature_position":"","_kad_post_header":false,"_kad_post_footer":false,"_kad_post_classname":"","footnotes":""},"class_list":["post-158","page","type-page","status-publish","hentry"],"uagb_featured_image_src":{"full":false,"thumbnail":false,"medium":false,"medium_large":false,"large":false,"1536x1536":false,"2048x2048":false},"uagb_author_info":{"display_name":"zkm","author_link":"https:\/\/s.cuforum.pl\/?author=1"},"uagb_comment_info":0,"uagb_excerpt":"Czwartki ceramiczne &#8211; to spotkania w &#8222;realu&#8221; ceramik\u00f3w i sympatyk\u00f3w ceramiki.\u00a0 Na pocz\u0105tku by\u0142o CuForum &#8211; strona internetowa, to dzi\u0119ki niej zintegrowa\u0142a sie grupa, kt\u00f3ra z\u0142o\u017cy\u0142a\u00a0 Stowarzyszenie.\u00a0 My ju\u017c jednak\u00a0 wiemy, \u017ce kontakty &#8222;przez internet&#8221;\u00a0 nie zast\u0105pi\u0105 rado\u015bci bezpo\u015bredniego spotkania. Dlatego od 2004 roku spotykamy si\u0119 na rynku w Gliwicach w Pubie III M [...","_links":{"self":[{"href":"https:\/\/s.cuforum.pl\/index.php?rest_route=\/wp\/v2\/pages\/158","targetHints":{"allow":["GET"]}}],"collection":[{"href":"https:\/\/s.cuforum.pl\/index.php?rest_route=\/wp\/v2\/pages"}],"about":[{"href":"https:\/\/s.cuforum.pl\/index.php?rest_route=\/wp\/v2\/types\/page"}],"author":[{"embeddable":true,"href":"https:\/\/s.cuforum.pl\/index.php?rest_route=\/wp\/v2\/users\/1"}],"replies":[{"embeddable":true,"href":"https:\/\/s.cuforum.pl\/index.php?rest_route=%2Fwp%2Fv2%2Fcomments&post=158"}],"version-history":[{"count":3,"href":"https:\/\/s.cuforum.pl\/index.php?rest_route=\/wp\/v2\/pages\/158\/revisions"}],"predecessor-version":[{"id":1822,"href":"https:\/\/s.cuforum.pl\/index.php?rest_route=\/wp\/v2\/pages\/158\/revisions\/1822"}],"up":[{"embeddable":true,"href":"https:\/\/s.cuforum.pl\/index.php?rest_route=\/wp\/v2\/pages\/125"}],"wp:attachment":[{"href":"https:\/\/s.cuforum.pl\/index.php?rest_route=%2Fwp%2Fv2%2Fmedia&parent=158"}],"curies":[{"name":"wp","href":"https:\/\/api.w.org\/{rel}","templated":true}]}}