{"id":194,"date":"2009-09-03T16:55:33","date_gmt":"2009-09-03T14:55:33","guid":{"rendered":"http:\/\/www.cuforum.pl\/wp\/?page_id=194"},"modified":"2011-08-30T08:38:35","modified_gmt":"2011-08-30T08:38:35","slug":"sw-michal-patron-ceramikow","status":"publish","type":"page","link":"https:\/\/s.cuforum.pl\/?page_id=194","title":{"rendered":"\u015aw. Micha\u0142 Patron Ceramik\u00f3w"},"content":{"rendered":"<p><strong>&#8222;\u015aw. Micha\u0142&#8221;<\/strong> to impreza zwi\u0105zana z tradycj\u0105 rzemios\u0142a garncarskiego\u00a0organizowana w dniu zako\u0144czeniem letniego sezonu ceramicznego.<br \/>\nW ci\u0105gu lat impreza ewoluowa\u0142a do ponadregionalnego wydarzenia, znana jest w\u015br\u00f3d ceramik\u00f3w w Polsce oraz poza granicami. Od roku 2008 odbywa si\u0119 w<a href=\"http:\/\/www.cuforum.pl\/wp\/?page_id=133\"> Pracowni Ceramiki i Rze\u017aby<\/a> przy ul. K. Ziemowita 1 w\u00a0Gliwicach<\/p>\n<p>W programie:<\/p>\n<p>&#8211; pokazy budowy piec\u00f3w polowych do wypa\u0142u ceramiki (m. innymi japo\u0144ski, gazowy, do\u0142owy, w\u0119gierski, &#8222;z\u00a0papieru&#8221;, trociniak, &#8230; )<\/p>\n<p>&#8211; pokazy technik formowania pod okiem instruktor\u00f3w, warsztaty ceramiczne &#8211; wypalone prace mo\u017cna\u00a0 zabra\u0107 ze sob\u0105<\/p>\n<p>&#8211; plenerowa wystawa prac ceramicznych &#8211;\u00a0 Wystawy &#8222;<a href=\"https:\/\/s.cuforum.pl\/?page_id=258\">RESPEKT<\/a>&#8221; &#8211; gwarantujemy uczestnikom katalog<\/p>\n<p>&#8211; pokazy film\u00f3w, diaporamy, multimedialne prezentacje &#8211; kontynuacja projektu <a href=\"https:\/\/s.cuforum.pl\/?page_id=228\">GLINO PARADISO<\/a><\/p>\n<p>&#8211; spotkania z Go\u015b\u0107mi Specjalnymi &#8211; Ceramikami, kt\u00f3rzy prezentuj\u0105 projekty w kt\u00f3rych s\u0105 zaanga\u017cowani, w nawi\u0105zaniu do tematu imprezy<\/p>\n<p>&#8211; zawody &#8222;MOCNY GAR&#8221; w dyscyplinach sportowych predysponowanych ceramikom<br \/>\n&#8211; wyst\u0119py zespo\u0142\u00f3w muzycznych i kuglarskich<\/p>\n<p>Staramy si\u0119 aby &#8222;\u015aw. Micha\u0142 &#8211; Patron Ceramik\u00f3w&#8221; by\u0142 wydarzeniem artystycznym oraz niezapomnianym prze\u017cyciem. W obecno\u015b\u0107 Mistrz\u00f3w, czuj\u0105c moc buzuj\u0105cego w ceramicznych piecach ognia, ka\u017cdy uczestnik mamy nadziej\u0119,\u00a0 \u017ce odczuwa przyp\u0142yw tw\u00f3rczej ekspresji.<br \/>\n<span style=\"color: #003366;\"><span style=\"font-size: x-small;\">pierwszy Micha\u0142 rok 2003<\/span><\/span><\/p>\n<div class=\"pie-gallery alignGalleryLeft\">\n<div class=\"pie-item\" style=\"margin: 10px 10px 10px 10px;\">\n<div class=\"pie-gallery alignGalleryCenter\">\n<div class=\"pie-item\" style=\"margin: 10px 10px 10px 10px;\">\n<p class=\"pie-img-wrapper\"><a href=\"http:\/\/lh5.ggpht.com\/_eZnmGJYs0D0\/Sp-l8qVTAnI\/AAAAAAAAEaM\/oroEJ_FQZFQ\/P9130018.jpg?imgmax=800\" rel=\"lightbox[2009-8-2-7-49-59]\"><img decoding=\"async\" class=\"pie-img\" src=\"http:\/\/lh5.ggpht.com\/_eZnmGJYs0D0\/Sp-l8qVTAnI\/AAAAAAAAEaM\/oroEJ_FQZFQ\/s72-c\/P9130018.jpg\" alt=\"P9130018.jpg\" width=\"72\" height=\"72\" \/><\/a><\/p>\n<\/div>\n<div class=\"pie-item\" style=\"margin: 10px 10px 10px 10px;\">\n<p class=\"pie-img-wrapper\"><a href=\"http:\/\/lh3.ggpht.com\/_eZnmGJYs0D0\/Sp-l-SU-zDI\/AAAAAAAAEaY\/LTi0_jbTsjI\/P9130022.jpg?imgmax=800\" rel=\"lightbox[2009-8-2-7-49-59]\"><img decoding=\"async\" class=\"pie-img\" src=\"http:\/\/lh3.ggpht.com\/_eZnmGJYs0D0\/Sp-l-SU-zDI\/AAAAAAAAEaY\/LTi0_jbTsjI\/s72-c\/P9130022.jpg\" alt=\"P9130022.jpg\" width=\"72\" height=\"72\" \/><\/a><\/p>\n<\/div>\n<div class=\"pie-item\" style=\"margin: 10px 10px 10px 10px;\">\n<p class=\"pie-img-wrapper\"><a href=\"http:\/\/lh5.ggpht.com\/_eZnmGJYs0D0\/Sp-l_dYs10I\/AAAAAAAAEag\/4sYwLVues8A\/P9130025.jpg?imgmax=800\" rel=\"lightbox[2009-8-2-7-49-59]\"><img decoding=\"async\" class=\"pie-img\" src=\"http:\/\/lh5.ggpht.com\/_eZnmGJYs0D0\/Sp-l_dYs10I\/AAAAAAAAEag\/4sYwLVues8A\/s72-c\/P9130025.jpg\" alt=\"P9130025.jpg\" width=\"72\" height=\"72\" \/><\/a><\/p>\n<\/div>\n<div class=\"pie-item\" style=\"margin: 10px 10px 10px 10px;\">\n<p class=\"pie-img-wrapper\"><a href=\"http:\/\/lh4.ggpht.com\/_eZnmGJYs0D0\/Sp-l_zUF0SI\/AAAAAAAAEak\/JwS5fJpa7uo\/P9130026.jpg?imgmax=800\" rel=\"lightbox[2009-8-2-7-49-59]\"><img loading=\"lazy\" decoding=\"async\" class=\"pie-img\" src=\"http:\/\/lh4.ggpht.com\/_eZnmGJYs0D0\/Sp-l_zUF0SI\/AAAAAAAAEak\/JwS5fJpa7uo\/s72-c\/P9130026.jpg\" alt=\"P9130026.jpg\" width=\"72\" height=\"72\" \/><\/a><\/p>\n<\/div>\n<div class=\"pie-item\" style=\"margin: 10px 10px 10px 10px;\">\n<p class=\"pie-img-wrapper\"><a href=\"http:\/\/lh5.ggpht.com\/_eZnmGJYs0D0\/Sp-mAQ10iXI\/AAAAAAAAEao\/Si9Jn_AiS8s\/P9130027.jpg?imgmax=800\" rel=\"lightbox[2009-8-2-7-49-59]\"><img loading=\"lazy\" decoding=\"async\" class=\"pie-img\" src=\"http:\/\/lh5.ggpht.com\/_eZnmGJYs0D0\/Sp-mAQ10iXI\/AAAAAAAAEao\/Si9Jn_AiS8s\/s72-c\/P9130027.jpg\" alt=\"P9130027.jpg\" width=\"72\" height=\"72\" \/><\/a><\/p>\n<\/div>\n<div class=\"pie-item\" style=\"margin: 10px 10px 10px 10px;\">\n<p class=\"pie-img-wrapper\"><a href=\"http:\/\/lh5.ggpht.com\/_eZnmGJYs0D0\/Sp-mAyoWTeI\/AAAAAAAAEas\/oGp-6ji9JZs\/P9130028.jpg?imgmax=800\" rel=\"lightbox[2009-8-2-7-49-59]\"><img loading=\"lazy\" decoding=\"async\" class=\"pie-img\" src=\"http:\/\/lh5.ggpht.com\/_eZnmGJYs0D0\/Sp-mAyoWTeI\/AAAAAAAAEas\/oGp-6ji9JZs\/s72-c\/P9130028.jpg\" alt=\"P9130028.jpg\" width=\"72\" height=\"72\" \/><\/a><\/p>\n<\/div>\n<div class=\"pie-item\" style=\"margin: 10px 10px 10px 10px;\">\n<p class=\"pie-img-wrapper\"><a href=\"http:\/\/lh6.ggpht.com\/_eZnmGJYs0D0\/Sp-mBlNg69I\/AAAAAAAAEaw\/xdetgu0APdU\/P9130029.jpg?imgmax=800\" rel=\"lightbox[2009-8-2-7-49-59]\"><img loading=\"lazy\" decoding=\"async\" class=\"pie-img\" src=\"http:\/\/lh6.ggpht.com\/_eZnmGJYs0D0\/Sp-mBlNg69I\/AAAAAAAAEaw\/xdetgu0APdU\/s72-c\/P9130029.jpg\" alt=\"P9130029.jpg\" width=\"72\" height=\"72\" \/><\/a><\/p>\n<\/div>\n<div class=\"pie-item\" style=\"margin: 10px 10px 10px 10px;\">\n<p class=\"pie-img-wrapper\"><a href=\"http:\/\/lh4.ggpht.com\/_eZnmGJYs0D0\/Sp-mCmC6IWI\/AAAAAAAAEa4\/5iQuGM4rvAY\/P9130031.jpg?imgmax=800\" rel=\"lightbox[2009-8-2-7-49-59]\"><img loading=\"lazy\" decoding=\"async\" class=\"pie-img\" src=\"http:\/\/lh4.ggpht.com\/_eZnmGJYs0D0\/Sp-mCmC6IWI\/AAAAAAAAEa4\/5iQuGM4rvAY\/s72-c\/P9130031.jpg\" alt=\"P9130031.jpg\" width=\"72\" height=\"72\" \/><\/a><\/p>\n<\/div>\n<div class=\"pie-item\" style=\"margin: 10px 10px 10px 10px;\">\n<p class=\"pie-img-wrapper\"><a href=\"http:\/\/lh3.ggpht.com\/_eZnmGJYs0D0\/Sp-mF76AJ2I\/AAAAAAAAEbU\/XCSDMreUkwg\/P9130037.jpg?imgmax=800\" rel=\"lightbox[2009-8-2-7-49-59]\"><img loading=\"lazy\" decoding=\"async\" class=\"pie-img\" src=\"http:\/\/lh3.ggpht.com\/_eZnmGJYs0D0\/Sp-mF76AJ2I\/AAAAAAAAEbU\/XCSDMreUkwg\/s72-c\/P9130037.jpg\" alt=\"P9130037.jpg\" width=\"72\" height=\"72\" \/><\/a><\/p>\n<\/div>\n<div class=\"pie-item\" style=\"margin: 10px 10px 10px 10px;\">\n<p class=\"pie-img-wrapper\"><a href=\"http:\/\/lh3.ggpht.com\/_eZnmGJYs0D0\/Sp-mHPmnnaI\/AAAAAAAAEbc\/cu1MGX_s2zU\/IM001685.jpg?imgmax=800\" rel=\"lightbox[2009-8-2-7-49-59]\"><img loading=\"lazy\" decoding=\"async\" class=\"pie-img\" src=\"http:\/\/lh3.ggpht.com\/_eZnmGJYs0D0\/Sp-mHPmnnaI\/AAAAAAAAEbc\/cu1MGX_s2zU\/s72-c\/IM001685.jpg\" alt=\"IM001685.jpg\" width=\"72\" height=\"72\" \/><\/a><\/p>\n<\/div>\n<div class=\"pie-item\" style=\"margin: 10px 10px 10px 10px;\">\n<p class=\"pie-img-wrapper\"><a href=\"http:\/\/lh4.ggpht.com\/_eZnmGJYs0D0\/Sp-mHlXW3aI\/AAAAAAAAEbg\/cR7MiTCOBWQ\/IM001686.jpg?imgmax=800\" rel=\"lightbox[2009-8-2-7-49-59]\"><img loading=\"lazy\" decoding=\"async\" class=\"pie-img\" src=\"http:\/\/lh4.ggpht.com\/_eZnmGJYs0D0\/Sp-mHlXW3aI\/AAAAAAAAEbg\/cR7MiTCOBWQ\/s72-c\/IM001686.jpg\" alt=\"IM001686.jpg\" width=\"72\" height=\"72\" \/><\/a><\/p>\n<\/div>\n<div class=\"pie-item\" style=\"margin: 10px 10px 10px 10px;\">\n<p class=\"pie-img-wrapper\"><a href=\"http:\/\/lh3.ggpht.com\/_eZnmGJYs0D0\/Sp-mJ8wUZiI\/AAAAAAAAEbw\/GRx7Fwr4RMI\/IM001690.jpg?imgmax=800\" rel=\"lightbox[2009-8-2-7-49-59]\"><img loading=\"lazy\" decoding=\"async\" class=\"pie-img\" src=\"http:\/\/lh3.ggpht.com\/_eZnmGJYs0D0\/Sp-mJ8wUZiI\/AAAAAAAAEbw\/GRx7Fwr4RMI\/s72-c\/IM001690.jpg\" alt=\"IM001690.jpg\" width=\"72\" height=\"72\" \/><\/a><\/p>\n<\/div>\n<div class=\"pie-item\" style=\"margin: 10px 10px 10px 10px;\">\n<p class=\"pie-img-wrapper\"><a href=\"http:\/\/lh4.ggpht.com\/_eZnmGJYs0D0\/Sp-mK1MJ8mI\/AAAAAAAAEb4\/JwHHSJkP_RM\/IM001692.jpg?imgmax=800\" rel=\"lightbox[2009-8-2-7-49-59]\"><img loading=\"lazy\" decoding=\"async\" class=\"pie-img\" src=\"http:\/\/lh4.ggpht.com\/_eZnmGJYs0D0\/Sp-mK1MJ8mI\/AAAAAAAAEb4\/JwHHSJkP_RM\/s72-c\/IM001692.jpg\" alt=\"IM001692.jpg\" width=\"72\" height=\"72\" \/><\/a><\/p>\n<\/div>\n<div class=\"pie-item\" style=\"margin: 10px 10px 10px 10px;\">\n<p class=\"pie-img-wrapper\"><a href=\"http:\/\/lh3.ggpht.com\/_eZnmGJYs0D0\/Sp-mNs0l2PI\/AAAAAAAAEcM\/jBok5RB_P3M\/IM001700.jpg?imgmax=800\" rel=\"lightbox[2009-8-2-7-49-59]\"><img loading=\"lazy\" decoding=\"async\" class=\"pie-img\" src=\"http:\/\/lh3.ggpht.com\/_eZnmGJYs0D0\/Sp-mNs0l2PI\/AAAAAAAAEcM\/jBok5RB_P3M\/s72-c\/IM001700.jpg\" alt=\"IM001700.jpg\" width=\"72\" height=\"72\" \/><\/a><\/p>\n<\/div>\n<div class=\"pie-item\" style=\"margin: 10px 10px 10px 10px;\">\n<p class=\"pie-img-wrapper\"><a href=\"http:\/\/lh3.ggpht.com\/_eZnmGJYs0D0\/Sp-mOXF2H4I\/AAAAAAAAEcQ\/R2YfcRVwpDA\/IM001701.jpg?imgmax=800\" rel=\"lightbox[2009-8-2-7-49-59]\"><img loading=\"lazy\" decoding=\"async\" class=\"pie-img\" src=\"http:\/\/lh3.ggpht.com\/_eZnmGJYs0D0\/Sp-mOXF2H4I\/AAAAAAAAEcQ\/R2YfcRVwpDA\/s72-c\/IM001701.jpg\" alt=\"IM001701.jpg\" width=\"72\" height=\"72\" \/><\/a><\/p>\n<\/div>\n<div class=\"pie-item\" style=\"margin: 10px 10px 10px 10px;\">\n<p class=\"pie-img-wrapper\"><a href=\"http:\/\/lh6.ggpht.com\/_eZnmGJYs0D0\/Sp-mOy4PHGI\/AAAAAAAAEcU\/35lQfT22b9Q\/IM001702.jpg?imgmax=800\" rel=\"lightbox[2009-8-2-7-49-59]\"><img loading=\"lazy\" decoding=\"async\" class=\"pie-img\" src=\"http:\/\/lh6.ggpht.com\/_eZnmGJYs0D0\/Sp-mOy4PHGI\/AAAAAAAAEcU\/35lQfT22b9Q\/s72-c\/IM001702.jpg\" alt=\"IM001702.jpg\" width=\"72\" height=\"72\" \/><\/a><\/p>\n<\/div>\n<div class=\"pie-item\" style=\"margin: 10px 10px 10px 10px;\">\n<p class=\"pie-img-wrapper\"><a href=\"http:\/\/lh6.ggpht.com\/_eZnmGJYs0D0\/Sp-mQJUua0I\/AAAAAAAAEcc\/lXM4JcV_N3k\/IM001704.jpg?imgmax=800\" rel=\"lightbox[2009-8-2-7-49-59]\"><img loading=\"lazy\" decoding=\"async\" class=\"pie-img\" src=\"http:\/\/lh6.ggpht.com\/_eZnmGJYs0D0\/Sp-mQJUua0I\/AAAAAAAAEcc\/lXM4JcV_N3k\/s72-c\/IM001704.jpg\" alt=\"IM001704.jpg\" width=\"72\" height=\"72\" \/><\/a><\/p>\n<\/div>\n<div class=\"pie-item\" style=\"margin: 10px 10px 10px 10px;\">\n<p class=\"pie-img-wrapper\"><a href=\"http:\/\/lh5.ggpht.com\/_eZnmGJYs0D0\/Sp-mQqfT3QI\/AAAAAAAAEcg\/rGYaQjE7vyw\/IM001705.jpg?imgmax=800\" rel=\"lightbox[2009-8-2-7-49-59]\"><img loading=\"lazy\" decoding=\"async\" class=\"pie-img\" src=\"http:\/\/lh5.ggpht.com\/_eZnmGJYs0D0\/Sp-mQqfT3QI\/AAAAAAAAEcg\/rGYaQjE7vyw\/s72-c\/IM001705.jpg\" alt=\"IM001705.jpg\" width=\"72\" height=\"72\" \/><\/a><\/p>\n<\/div>\n<div class=\"pie-item\" style=\"margin: 10px 10px 10px 10px;\">\n<p class=\"pie-img-wrapper\"><a href=\"http:\/\/lh3.ggpht.com\/_eZnmGJYs0D0\/Sp-mSRyKOSI\/AAAAAAAAEcs\/YswWdPcxA28\/IM001708.jpg?imgmax=800\" rel=\"lightbox[2009-8-2-7-49-59]\"><img loading=\"lazy\" decoding=\"async\" class=\"pie-img\" src=\"http:\/\/lh3.ggpht.com\/_eZnmGJYs0D0\/Sp-mSRyKOSI\/AAAAAAAAEcs\/YswWdPcxA28\/s72-c\/IM001708.jpg\" alt=\"IM001708.jpg\" width=\"72\" height=\"72\" \/><\/a><\/p>\n<\/div>\n<div class=\"pie-item\" style=\"margin: 10px 10px 10px 10px;\">\n<p class=\"pie-img-wrapper\"><a href=\"http:\/\/lh3.ggpht.com\/_eZnmGJYs0D0\/Sp-mXu29OhI\/AAAAAAAAEdQ\/evSdsEdKkEs\/IM001719.jpg?imgmax=800\" rel=\"lightbox[2009-8-2-7-49-59]\"><img loading=\"lazy\" decoding=\"async\" class=\"pie-img\" src=\"http:\/\/lh3.ggpht.com\/_eZnmGJYs0D0\/Sp-mXu29OhI\/AAAAAAAAEdQ\/evSdsEdKkEs\/s72-c\/IM001719.jpg\" alt=\"IM001719.jpg\" width=\"72\" height=\"72\" \/><\/a><\/p>\n<address class=\"pie-img-wrapper\">\u00a0<\/address>\n<\/div>\n<\/div>\n<\/div>\n<\/div>\n","protected":false},"excerpt":{"rendered":"<p>&#8222;\u015aw. Micha\u0142&#8221; to impreza zwi\u0105zana z tradycj\u0105 rzemios\u0142a garncarskiego\u00a0organizowana w dniu zako\u0144czeniem letniego sezonu ceramicznego. W ci\u0105gu lat impreza ewoluowa\u0142a do ponadregionalnego wydarzenia, znana jest w\u015br\u00f3d ceramik\u00f3w w Polsce oraz poza granicami. Od roku 2008 odbywa si\u0119 w Pracowni Ceramiki i Rze\u017aby przy ul. K. Ziemowita 1 w\u00a0Gliwicach W programie: &#8211; pokazy budowy piec\u00f3w polowych&#8230;<\/p>\n","protected":false},"author":1,"featured_media":0,"parent":125,"menu_order":0,"comment_status":"open","ping_status":"open","template":"","meta":{"_uag_custom_page_level_css":"","_kadence_starter_templates_imported_post":false,"_kad_post_transparent":"","_kad_post_title":"","_kad_post_layout":"","_kad_post_sidebar_id":"","_kad_post_content_style":"","_kad_post_vertical_padding":"","_kad_post_feature":"","_kad_post_feature_position":"","_kad_post_header":false,"_kad_post_footer":false,"_kad_post_classname":"","footnotes":""},"class_list":["post-194","page","type-page","status-publish","hentry"],"uagb_featured_image_src":{"full":false,"thumbnail":false,"medium":false,"medium_large":false,"large":false,"1536x1536":false,"2048x2048":false},"uagb_author_info":{"display_name":"zkm","author_link":"https:\/\/s.cuforum.pl\/?author=1"},"uagb_comment_info":0,"uagb_excerpt":"&#8222;\u015aw. Micha\u0142&#8221; to impreza zwi\u0105zana z tradycj\u0105 rzemios\u0142a garncarskiego\u00a0organizowana w dniu zako\u0144czeniem letniego sezonu ceramicznego. W ci\u0105gu lat impreza ewoluowa\u0142a do ponadregionalnego wydarzenia, znana jest w\u015br\u00f3d ceramik\u00f3w w Polsce oraz poza granicami. Od roku 2008 odbywa si\u0119 w Pracowni Ceramiki i Rze\u017aby przy ul. K. Ziemowita 1 w\u00a0Gliwicach W programie: &#8211; pokazy budowy piec\u00f3w polowych...","_links":{"self":[{"href":"https:\/\/s.cuforum.pl\/index.php?rest_route=\/wp\/v2\/pages\/194","targetHints":{"allow":["GET"]}}],"collection":[{"href":"https:\/\/s.cuforum.pl\/index.php?rest_route=\/wp\/v2\/pages"}],"about":[{"href":"https:\/\/s.cuforum.pl\/index.php?rest_route=\/wp\/v2\/types\/page"}],"author":[{"embeddable":true,"href":"https:\/\/s.cuforum.pl\/index.php?rest_route=\/wp\/v2\/users\/1"}],"replies":[{"embeddable":true,"href":"https:\/\/s.cuforum.pl\/index.php?rest_route=%2Fwp%2Fv2%2Fcomments&post=194"}],"version-history":[{"count":4,"href":"https:\/\/s.cuforum.pl\/index.php?rest_route=\/wp\/v2\/pages\/194\/revisions"}],"predecessor-version":[{"id":2863,"href":"https:\/\/s.cuforum.pl\/index.php?rest_route=\/wp\/v2\/pages\/194\/revisions\/2863"}],"up":[{"embeddable":true,"href":"https:\/\/s.cuforum.pl\/index.php?rest_route=\/wp\/v2\/pages\/125"}],"wp:attachment":[{"href":"https:\/\/s.cuforum.pl\/index.php?rest_route=%2Fwp%2Fv2%2Fmedia&parent=194"}],"curies":[{"name":"wp","href":"https:\/\/api.w.org\/{rel}","templated":true}]}}