{"id":258,"date":"2009-09-07T13:55:47","date_gmt":"2009-09-07T11:55:47","guid":{"rendered":"http:\/\/s.cuforum.pl\/?page_id=258"},"modified":"2009-09-07T13:55:47","modified_gmt":"2009-09-07T11:55:47","slug":"respekt","status":"publish","type":"page","link":"https:\/\/s.cuforum.pl\/?page_id=258","title":{"rendered":"Respekt"},"content":{"rendered":"<p>RRESPEKT\u00a0 to plenerowa wystawa ceramiki kt\u00f3ra dobywa si\u0119\u00a0 co roku podczas\u00a0 \u015aw.Micha\u0142a .<br \/>\nInspiracj\u0105 tego projektu by\u0142 pokaz prac urz\u0105dzony podczas imprezy, w roku 2005. (foto poni\u017cej)<\/p>\n<div id='gallery-1' class='gallery galleryid-258 gallery-columns-5 gallery-size-thumbnail'><figure class='gallery-item'>\n\t\t\t<div class='gallery-icon landscape'>\n\t\t\t\t<a href='https:\/\/s.cuforum.pl\/?attachment_id=265'><img decoding=\"async\" width=\"150\" height=\"150\" src=\"https:\/\/s.cuforum.pl\/wp-content\/uploads\/2009\/09\/nktb_dscf2200-150x150.jpg\" class=\"attachment-thumbnail size-thumbnail\" alt=\"\" \/><\/a>\n\t\t\t<\/div><\/figure><figure class='gallery-item'>\n\t\t\t<div class='gallery-icon portrait'>\n\t\t\t\t<a href='https:\/\/s.cuforum.pl\/?attachment_id=266'><img decoding=\"async\" width=\"150\" height=\"150\" src=\"https:\/\/s.cuforum.pl\/wp-content\/uploads\/2009\/09\/nktb_dscf2201-150x150.jpg\" class=\"attachment-thumbnail size-thumbnail\" alt=\"\" \/><\/a>\n\t\t\t<\/div><\/figure><figure class='gallery-item'>\n\t\t\t<div class='gallery-icon portrait'>\n\t\t\t\t<a href='https:\/\/s.cuforum.pl\/?attachment_id=267'><img decoding=\"async\" width=\"150\" height=\"150\" src=\"https:\/\/s.cuforum.pl\/wp-content\/uploads\/2009\/09\/nktb_dscf2202-150x150.jpg\" class=\"attachment-thumbnail size-thumbnail\" alt=\"\" \/><\/a>\n\t\t\t<\/div><\/figure><figure class='gallery-item'>\n\t\t\t<div class='gallery-icon portrait'>\n\t\t\t\t<a href='https:\/\/s.cuforum.pl\/?attachment_id=268'><img loading=\"lazy\" decoding=\"async\" width=\"150\" height=\"150\" src=\"https:\/\/s.cuforum.pl\/wp-content\/uploads\/2009\/09\/nktb_dscf2204-150x150.jpg\" class=\"attachment-thumbnail size-thumbnail\" alt=\"\" \/><\/a>\n\t\t\t<\/div><\/figure><figure class='gallery-item'>\n\t\t\t<div class='gallery-icon portrait'>\n\t\t\t\t<a href='https:\/\/s.cuforum.pl\/?attachment_id=269'><img loading=\"lazy\" decoding=\"async\" width=\"150\" height=\"150\" src=\"https:\/\/s.cuforum.pl\/wp-content\/uploads\/2009\/09\/nktb_dscf2205-150x150.jpg\" class=\"attachment-thumbnail size-thumbnail\" alt=\"\" \/><\/a>\n\t\t\t<\/div><\/figure>\n\t\t<\/div>\n\n<p><strong>Regulamin:<\/strong><\/p>\n<p>1. Wystawiamy wszystkie prace jakie uczestnicy przywioz\u0105.<\/p>\n<p>2. Uczestnicy sami zadbaj\u0105 o prezentacje w\u0142asnych prac &#8211; postument,stojak, podstawa.<\/p>\n<p>3. Katalog &#8211; gwarantujemy wydruk katalogu z wystawy. Ka\u017cdy uczestnik otrzyma katalog.<\/p>\n<p>4. W katalogu zostan\u0105 zamieszczone zdj\u0119cia jednej pracy danego autora wraz z kr\u00f3tk\u0105 informacj\u0105 o pracy:<\/p>\n<p>a\/ nazwa pracy,<\/p>\n<p>b\/ technika i wielko\u015b\u0107,<\/p>\n<p>c\/  Imi\u0119  i Nazwisko autora, status.<\/p>\n<p>5. Dokumentacja do katalogu b\u0119dzie wykonana dla prac dostarczonych do godz.13:00 w dniu wystawy &#8211; imprezy i tylko te prace znajd\u0105 si\u0119 w katalogu.<\/p>\n<p>6.  W katalogu zostan\u0105 zamieszczone informacje o uczestnikach, sponsorach, organizatorze, projektantach katalogu,autorach zdj\u0119\u0107.<\/p>\n<p>7.  Nie zostan\u0105 dopuszczone do prezentacji na wystawie oraz w zamieszczone w katalogu prace, kt\u00f3re nie zostan\u0105 zaakceptowane przez kuratora wystawy.<\/p>\n<p>8.  W przypadku du\u017cej liczby prac przekraczaj\u0105cych mo\u017cliwo\u015bci logistyczno-organizacyjno-finansowe organizatora wydruku prac w dniu Imprezy, decyzj\u0119, kt\u00f3re prace zostan\u0105 umieszczone w katalogu podejmie kurator wystawy.<\/p>\n<p>9.  Kuratorem wystawy jest Aleksandra Kwolek.<\/p>\n<p>10. Nazwa wystawy ?RESPEKT&#8221; wynika z szacunku oraz  jest wyrazem honoru i poszanowania, tak\u017ce pokory dla tw\u00f3rc\u00f3w i  ich wyobra\u017ani, wiedzy i  rzemios\u0142a oraz cierpliwo\u015bci przynale\u017cnej artystom ceramikom. Nie znaczy nic wi\u0119cej. Ku chwale ceramiki.<\/p>\n<div class=\"pie-gallery alignGalleryCenter\">\n<div class=\"pie-item\" style=\"margin:10px 10px 10px 10px;\">\n<p class=\"pie-img-wrapper\"><a rel=\"lightbox[2009-8-2-15-1-50]\" href=\"http:\/\/lh4.ggpht.com\/_eZnmGJYs0D0\/SqI3W_1CCtI\/AAAAAAAAFPg\/orZIur4cOCk\/DSC_6072.JPG?imgmax=800\"><img loading=\"lazy\" decoding=\"async\" class=\"pie-img\" src=\"http:\/\/lh4.ggpht.com\/_eZnmGJYs0D0\/SqI3W_1CCtI\/AAAAAAAAFPg\/orZIur4cOCk\/s72-c\/DSC_6072.JPG\" alt=\"DSC_6072.JPG\" width=\"72\" height=\"72\" \/><\/a><\/p>\n<\/div>\n<div class=\"pie-item\" style=\"margin:10px 10px 10px 10px;\">\n<p class=\"pie-img-wrapper\"><a rel=\"lightbox[2009-8-2-15-1-50]\" href=\"http:\/\/lh6.ggpht.com\/_eZnmGJYs0D0\/SqI3ZkZJozI\/AAAAAAAAFQA\/FqXxcqOp9zU\/DSC_6080.JPG?imgmax=800\"><img loading=\"lazy\" decoding=\"async\" class=\"pie-img\" src=\"http:\/\/lh6.ggpht.com\/_eZnmGJYs0D0\/SqI3ZkZJozI\/AAAAAAAAFQA\/FqXxcqOp9zU\/s72-c\/DSC_6080.JPG\" alt=\"DSC_6080.JPG\" width=\"72\" height=\"72\" \/><\/a><\/p>\n<\/div>\n<div class=\"pie-item\" style=\"margin:10px 10px 10px 10px;\">\n<p class=\"pie-img-wrapper\"><a rel=\"lightbox[2009-8-2-15-1-50]\" href=\"http:\/\/lh6.ggpht.com\/_eZnmGJYs0D0\/SqI3aJpLmeI\/AAAAAAAAFQI\/542u5hjUOuQ\/DSC_6082.JPG?imgmax=800\"><img loading=\"lazy\" decoding=\"async\" class=\"pie-img\" src=\"http:\/\/lh6.ggpht.com\/_eZnmGJYs0D0\/SqI3aJpLmeI\/AAAAAAAAFQI\/542u5hjUOuQ\/s72-c\/DSC_6082.JPG\" alt=\"DSC_6082.JPG\" width=\"72\" height=\"72\" \/><\/a><\/p>\n<\/div>\n<div class=\"pie-item\" style=\"margin:10px 10px 10px 10px;\">\n<p class=\"pie-img-wrapper\"><a rel=\"lightbox[2009-8-2-15-1-50]\" href=\"http:\/\/lh4.ggpht.com\/_eZnmGJYs0D0\/SqI3cRRcmsI\/AAAAAAAAFQg\/2UmRg90THU0\/DSC_6088.JPG?imgmax=800\"><img loading=\"lazy\" decoding=\"async\" class=\"pie-img\" src=\"http:\/\/lh4.ggpht.com\/_eZnmGJYs0D0\/SqI3cRRcmsI\/AAAAAAAAFQg\/2UmRg90THU0\/s72-c\/DSC_6088.JPG\" alt=\"DSC_6088.JPG\" width=\"72\" height=\"72\" \/><\/a><\/p>\n<\/div>\n<div class=\"pie-item\" style=\"margin:10px 10px 10px 10px;\">\n<p class=\"pie-img-wrapper\"><a rel=\"lightbox[2009-8-2-15-1-50]\" href=\"http:\/\/lh3.ggpht.com\/_eZnmGJYs0D0\/SqI3eCic-TI\/AAAAAAAAFQ0\/Yt8b777Bwg4\/DSC_6092.JPG?imgmax=800\"><img loading=\"lazy\" decoding=\"async\" class=\"pie-img\" src=\"http:\/\/lh3.ggpht.com\/_eZnmGJYs0D0\/SqI3eCic-TI\/AAAAAAAAFQ0\/Yt8b777Bwg4\/s72-c\/DSC_6092.JPG\" alt=\"DSC_6092.JPG\" width=\"72\" height=\"72\" \/><\/a><\/p>\n<\/div>\n<div class=\"pie-item\" style=\"margin:10px 10px 10px 10px;\">\n<p class=\"pie-img-wrapper\"><a rel=\"lightbox[2009-8-2-15-1-50]\" href=\"http:\/\/lh4.ggpht.com\/_eZnmGJYs0D0\/SqI3fV6odtI\/AAAAAAAAFRE\/cLPxZDqJyX8\/DSC_6096.JPG?imgmax=800\"><img loading=\"lazy\" decoding=\"async\" class=\"pie-img\" src=\"http:\/\/lh4.ggpht.com\/_eZnmGJYs0D0\/SqI3fV6odtI\/AAAAAAAAFRE\/cLPxZDqJyX8\/s72-c\/DSC_6096.JPG\" alt=\"DSC_6096.JPG\" width=\"72\" height=\"72\" \/><\/a><\/p>\n<\/div>\n<div class=\"pie-item\" style=\"margin:10px 10px 10px 10px;\">\n<p class=\"pie-img-wrapper\"><a rel=\"lightbox[2009-8-2-15-1-50]\" href=\"http:\/\/lh3.ggpht.com\/_eZnmGJYs0D0\/SqI3gbH3dFI\/AAAAAAAAFRM\/dxf_vfSb6IM\/DSC_6098.JPG?imgmax=800\"><img loading=\"lazy\" decoding=\"async\" class=\"pie-img\" src=\"http:\/\/lh3.ggpht.com\/_eZnmGJYs0D0\/SqI3gbH3dFI\/AAAAAAAAFRM\/dxf_vfSb6IM\/s72-c\/DSC_6098.JPG\" alt=\"DSC_6098.JPG\" width=\"72\" height=\"72\" \/><\/a><\/p>\n<\/div>\n<div class=\"pie-item\" style=\"margin:10px 10px 10px 10px;\">\n<p class=\"pie-img-wrapper\"><a rel=\"lightbox[2009-8-2-15-1-50]\" href=\"http:\/\/lh5.ggpht.com\/_eZnmGJYs0D0\/SqI3hQ-Zf1I\/AAAAAAAAFRY\/sisJNAu7IHA\/DSC_6101.JPG?imgmax=800\"><img loading=\"lazy\" decoding=\"async\" class=\"pie-img\" src=\"http:\/\/lh5.ggpht.com\/_eZnmGJYs0D0\/SqI3hQ-Zf1I\/AAAAAAAAFRY\/sisJNAu7IHA\/s72-c\/DSC_6101.JPG\" alt=\"DSC_6101.JPG\" width=\"72\" height=\"72\" \/><\/a><\/p>\n<\/div>\n<div class=\"pie-item\" style=\"margin:10px 10px 10px 10px;\">\n<p class=\"pie-img-wrapper\"><a rel=\"lightbox[2009-8-2-15-1-50]\" href=\"http:\/\/lh3.ggpht.com\/_eZnmGJYs0D0\/SqI3h5tJe1I\/AAAAAAAAFRg\/wGGhBY5fohM\/DSC_6103.JPG?imgmax=800\"><img loading=\"lazy\" decoding=\"async\" class=\"pie-img\" src=\"http:\/\/lh3.ggpht.com\/_eZnmGJYs0D0\/SqI3h5tJe1I\/AAAAAAAAFRg\/wGGhBY5fohM\/s72-c\/DSC_6103.JPG\" alt=\"DSC_6103.JPG\" width=\"72\" height=\"72\" \/><\/a><\/p>\n<\/div>\n<div class=\"pie-item\" style=\"margin:10px 10px 10px 10px;\">\n<p class=\"pie-img-wrapper\"><a rel=\"lightbox[2009-8-2-15-1-50]\" href=\"http:\/\/lh3.ggpht.com\/_eZnmGJYs0D0\/SqI3jQRbFZI\/AAAAAAAAFRw\/49o41uDDpuo\/DSC_6107.JPG?imgmax=800\"><img loading=\"lazy\" decoding=\"async\" class=\"pie-img\" src=\"http:\/\/lh3.ggpht.com\/_eZnmGJYs0D0\/SqI3jQRbFZI\/AAAAAAAAFRw\/49o41uDDpuo\/s72-c\/DSC_6107.JPG\" alt=\"DSC_6107.JPG\" width=\"72\" height=\"72\" \/><\/a><\/p>\n<\/div>\n<div class=\"pie-item\" style=\"margin:10px 10px 10px 10px;\">\n<p class=\"pie-img-wrapper\"><a rel=\"lightbox[2009-8-2-15-1-50]\" href=\"http:\/\/lh4.ggpht.com\/_eZnmGJYs0D0\/SqI3kTXYv1I\/AAAAAAAAFR8\/6ppU-yZgqhU\/DSC_6112.JPG?imgmax=800\"><img loading=\"lazy\" decoding=\"async\" class=\"pie-img\" src=\"http:\/\/lh4.ggpht.com\/_eZnmGJYs0D0\/SqI3kTXYv1I\/AAAAAAAAFR8\/6ppU-yZgqhU\/s72-c\/DSC_6112.JPG\" alt=\"DSC_6112.JPG\" width=\"72\" height=\"72\" \/><\/a><\/p>\n<\/div>\n<div class=\"pie-item\" style=\"margin:10px 10px 10px 10px;\">\n<p class=\"pie-img-wrapper\"><a rel=\"lightbox[2009-8-2-15-1-50]\" href=\"http:\/\/lh6.ggpht.com\/_eZnmGJYs0D0\/SqI3lJrbWKI\/AAAAAAAAFSE\/Gia76BovmQU\/DSC_6115.JPG?imgmax=800\"><img loading=\"lazy\" decoding=\"async\" class=\"pie-img\" src=\"http:\/\/lh6.ggpht.com\/_eZnmGJYs0D0\/SqI3lJrbWKI\/AAAAAAAAFSE\/Gia76BovmQU\/s72-c\/DSC_6115.JPG\" alt=\"DSC_6115.JPG\" width=\"72\" height=\"72\" \/><\/a><\/p>\n<\/div>\n<div class=\"pie-item\" style=\"margin:10px 10px 10px 10px;\">\n<p class=\"pie-img-wrapper\"><a rel=\"lightbox[2009-8-2-15-1-50]\" href=\"http:\/\/lh6.ggpht.com\/_eZnmGJYs0D0\/SqI3msmdUGI\/AAAAAAAAFSY\/hCNYdBN1-Ts\/DSC_6120.JPG?imgmax=800\"><img loading=\"lazy\" decoding=\"async\" class=\"pie-img\" src=\"http:\/\/lh6.ggpht.com\/_eZnmGJYs0D0\/SqI3msmdUGI\/AAAAAAAAFSY\/hCNYdBN1-Ts\/s72-c\/DSC_6120.JPG\" alt=\"DSC_6120.JPG\" width=\"72\" height=\"72\" \/><\/a><\/p>\n<\/div>\n<div class=\"pie-item\" style=\"margin:10px 10px 10px 10px;\">\n<p class=\"pie-img-wrapper\"><a rel=\"lightbox[2009-8-2-15-1-50]\" href=\"http:\/\/lh4.ggpht.com\/_eZnmGJYs0D0\/SqI3nF3JyJI\/AAAAAAAAFSc\/_2gb3IKizQ8\/DSC_6121.JPG?imgmax=800\"><img loading=\"lazy\" decoding=\"async\" class=\"pie-img\" src=\"http:\/\/lh4.ggpht.com\/_eZnmGJYs0D0\/SqI3nF3JyJI\/AAAAAAAAFSc\/_2gb3IKizQ8\/s72-c\/DSC_6121.JPG\" alt=\"DSC_6121.JPG\" width=\"72\" height=\"72\" \/><\/a><\/p>\n<\/div>\n<div class=\"pie-item\" style=\"margin:10px 10px 10px 10px;\">\n<p class=\"pie-img-wrapper\"><a rel=\"lightbox[2009-8-2-15-1-50]\" href=\"http:\/\/lh3.ggpht.com\/_eZnmGJYs0D0\/SqI3q5bFxBI\/AAAAAAAAFTE\/LV1IjayMYl0\/DSC_6131.JPG?imgmax=800\"><img loading=\"lazy\" decoding=\"async\" class=\"pie-img\" src=\"http:\/\/lh3.ggpht.com\/_eZnmGJYs0D0\/SqI3q5bFxBI\/AAAAAAAAFTE\/LV1IjayMYl0\/s72-c\/DSC_6131.JPG\" alt=\"DSC_6131.JPG\" width=\"72\" height=\"72\" \/><\/a><\/p>\n<\/div>\n<\/div>\n<p><span style=\"color: #993300;\"><span style=\"font-size: x-small;\"><em>(powy\u017cej prace pokazywane w\u00a0 roku 2008 foto Maciek Pokora)<\/em><\/span><\/span><\/p>\n","protected":false},"excerpt":{"rendered":"<p>RRESPEKT\u00a0 to plenerowa wystawa ceramiki kt\u00f3ra dobywa si\u0119\u00a0 co roku podczas\u00a0 \u015aw.Micha\u0142a . Inspiracj\u0105 tego projektu by\u0142 pokaz prac urz\u0105dzony podczas imprezy, w roku 2005. (foto poni\u017cej) Regulamin: 1. Wystawiamy wszystkie prace jakie uczestnicy przywioz\u0105. 2. Uczestnicy sami zadbaj\u0105 o prezentacje w\u0142asnych prac &#8211; postument,stojak, podstawa. 3. Katalog &#8211; gwarantujemy wydruk katalogu z wystawy. Ka\u017cdy&#8230;<\/p>\n","protected":false},"author":1,"featured_media":0,"parent":125,"menu_order":0,"comment_status":"open","ping_status":"open","template":"","meta":{"_uag_custom_page_level_css":"","_kadence_starter_templates_imported_post":false,"_kad_post_transparent":"","_kad_post_title":"","_kad_post_layout":"","_kad_post_sidebar_id":"","_kad_post_content_style":"","_kad_post_vertical_padding":"","_kad_post_feature":"","_kad_post_feature_position":"","_kad_post_header":false,"_kad_post_footer":false,"_kad_post_classname":"","footnotes":""},"class_list":["post-258","page","type-page","status-publish","hentry"],"uagb_featured_image_src":{"full":false,"thumbnail":false,"medium":false,"medium_large":false,"large":false,"1536x1536":false,"2048x2048":false},"uagb_author_info":{"display_name":"zkm","author_link":"https:\/\/s.cuforum.pl\/?author=1"},"uagb_comment_info":0,"uagb_excerpt":"RRESPEKT\u00a0 to plenerowa wystawa ceramiki kt\u00f3ra dobywa si\u0119\u00a0 co roku podczas\u00a0 \u015aw.Micha\u0142a . Inspiracj\u0105 tego projektu by\u0142 pokaz prac urz\u0105dzony podczas imprezy, w roku 2005. (foto poni\u017cej) Regulamin: 1. Wystawiamy wszystkie prace jakie uczestnicy przywioz\u0105. 2. Uczestnicy sami zadbaj\u0105 o prezentacje w\u0142asnych prac &#8211; postument,stojak, podstawa. 3. Katalog &#8211; gwarantujemy wydruk katalogu z wystawy. Ka\u017cdy...","_links":{"self":[{"href":"https:\/\/s.cuforum.pl\/index.php?rest_route=\/wp\/v2\/pages\/258","targetHints":{"allow":["GET"]}}],"collection":[{"href":"https:\/\/s.cuforum.pl\/index.php?rest_route=\/wp\/v2\/pages"}],"about":[{"href":"https:\/\/s.cuforum.pl\/index.php?rest_route=\/wp\/v2\/types\/page"}],"author":[{"embeddable":true,"href":"https:\/\/s.cuforum.pl\/index.php?rest_route=\/wp\/v2\/users\/1"}],"replies":[{"embeddable":true,"href":"https:\/\/s.cuforum.pl\/index.php?rest_route=%2Fwp%2Fv2%2Fcomments&post=258"}],"version-history":[{"count":0,"href":"https:\/\/s.cuforum.pl\/index.php?rest_route=\/wp\/v2\/pages\/258\/revisions"}],"up":[{"embeddable":true,"href":"https:\/\/s.cuforum.pl\/index.php?rest_route=\/wp\/v2\/pages\/125"}],"wp:attachment":[{"href":"https:\/\/s.cuforum.pl\/index.php?rest_route=%2Fwp%2Fv2%2Fmedia&parent=258"}],"curies":[{"name":"wp","href":"https:\/\/api.w.org\/{rel}","templated":true}]}}