{"id":47,"date":"2009-09-01T15:14:04","date_gmt":"2009-09-01T13:14:04","guid":{"rendered":"http:\/\/www.cuforum.pl\/wp\/?page_id=47"},"modified":"2022-08-12T10:37:16","modified_gmt":"2022-08-12T10:37:16","slug":"deklaracja","status":"publish","type":"page","link":"https:\/\/s.cuforum.pl\/?page_id=47","title":{"rendered":"Deklaracja"},"content":{"rendered":"<p>Deklaracja cz\u0142onkowska do pobrania w formie pliku pdf<\/p>\n<p><a title=\"Deklaracja cz\u0142onkowska Stowarzyszenia Forum Ceramik\u00f3w\" href=\"https:\/\/s.cuforum.pl\/wp-content\/uploads\/2009\/09\/DEKLARACJA-CZ%C5%81ONKOWSKA.pdf\" target=\"_blank\" rel=\"noopener\">DEKLARACJA CZ\u0141ONKOWSKA<\/a><\/p>\n<p>Deklaracj\u0119 nale\u017cy wydrukowa\u0107, wype\u0142ni\u0107 i przes\u0142a\u0107 poczt\u0105 tradycyjn\u0105 (lub dostarczy\u0107 osobi\u015bcie ) do siedziby\u00a0 Stowarzyszenia:<br \/>\n<strong>Stowarzyszenia Forum Ceramik\u00f3w<br \/>\nUl. Jagiello\u0144ska 21 44-100 Gliwice<\/strong><\/p>\n<p><strong><!--gmap %7B%22width%22%3A400%2C%22height%22%3A300%2C%22longitude%22%3A18.6835447%2C%22latitude%22%3A50.2953663%2C%22zoom%22%3A13%2C%22hud%22%3A%221%22%2C%22mapstyle%22%3A%221%22%2C%22separators%22%3A%7B%7D%7D--> <\/strong><\/p>\n<p>Pytania w sprawie przyst\u0105pienia do Stowarzyszenia :<\/p>\n<p>[contact-form 1 &#8222;Formularz kontaktowy 1&#8221;]<\/p>\n<p><strong>\u00a0<\/strong><\/p>\n","protected":false},"excerpt":{"rendered":"<p>Deklaracja cz\u0142onkowska do pobrania w formie pliku pdf DEKLARACJA CZ\u0141ONKOWSKA Deklaracj\u0119 nale\u017cy wydrukowa\u0107, wype\u0142ni\u0107 i przes\u0142a\u0107 poczt\u0105 tradycyjn\u0105 (lub dostarczy\u0107 osobi\u015bcie ) do siedziby\u00a0 Stowarzyszenia: Stowarzyszenia Forum Ceramik\u00f3w Ul. Jagiello\u0144ska 21 44-100 Gliwice Pytania w sprawie przyst\u0105pienia do Stowarzyszenia : [contact-form 1 &#8222;Formularz kontaktowy 1&#8221;] \u00a0<\/p>\n","protected":false},"author":1,"featured_media":0,"parent":637,"menu_order":1,"comment_status":"closed","ping_status":"closed","template":"","meta":{"_uag_custom_page_level_css":"","_kadence_starter_templates_imported_post":false,"_kad_post_transparent":"","_kad_post_title":"","_kad_post_layout":"","_kad_post_sidebar_id":"","_kad_post_content_style":"","_kad_post_vertical_padding":"","_kad_post_feature":"","_kad_post_feature_position":"","_kad_post_header":false,"_kad_post_footer":false,"_kad_post_classname":"","footnotes":""},"class_list":["post-47","page","type-page","status-publish","hentry"],"uagb_featured_image_src":{"full":false,"thumbnail":false,"medium":false,"medium_large":false,"large":false,"1536x1536":false,"2048x2048":false},"uagb_author_info":{"display_name":"zkm","author_link":"https:\/\/s.cuforum.pl\/?author=1"},"uagb_comment_info":0,"uagb_excerpt":"Deklaracja cz\u0142onkowska do pobrania w formie pliku pdf DEKLARACJA CZ\u0141ONKOWSKA Deklaracj\u0119 nale\u017cy wydrukowa\u0107, wype\u0142ni\u0107 i przes\u0142a\u0107 poczt\u0105 tradycyjn\u0105 (lub dostarczy\u0107 osobi\u015bcie ) do siedziby\u00a0 Stowarzyszenia: Stowarzyszenia Forum Ceramik\u00f3w Ul. Jagiello\u0144ska 21 44-100 Gliwice Pytania w sprawie przyst\u0105pienia do Stowarzyszenia : [contact-form 1 &#8222;Formularz kontaktowy 1&#8221;] \u00a0","_links":{"self":[{"href":"https:\/\/s.cuforum.pl\/index.php?rest_route=\/wp\/v2\/pages\/47","targetHints":{"allow":["GET"]}}],"collection":[{"href":"https:\/\/s.cuforum.pl\/index.php?rest_route=\/wp\/v2\/pages"}],"about":[{"href":"https:\/\/s.cuforum.pl\/index.php?rest_route=\/wp\/v2\/types\/page"}],"author":[{"embeddable":true,"href":"https:\/\/s.cuforum.pl\/index.php?rest_route=\/wp\/v2\/users\/1"}],"replies":[{"embeddable":true,"href":"https:\/\/s.cuforum.pl\/index.php?rest_route=%2Fwp%2Fv2%2Fcomments&post=47"}],"version-history":[{"count":2,"href":"https:\/\/s.cuforum.pl\/index.php?rest_route=\/wp\/v2\/pages\/47\/revisions"}],"predecessor-version":[{"id":3003,"href":"https:\/\/s.cuforum.pl\/index.php?rest_route=\/wp\/v2\/pages\/47\/revisions\/3003"}],"up":[{"embeddable":true,"href":"https:\/\/s.cuforum.pl\/index.php?rest_route=\/wp\/v2\/pages\/637"}],"wp:attachment":[{"href":"https:\/\/s.cuforum.pl\/index.php?rest_route=%2Fwp%2Fv2%2Fmedia&parent=47"}],"curies":[{"name":"wp","href":"https:\/\/api.w.org\/{rel}","templated":true}]}}