{"id":636,"date":"2009-08-31T22:21:55","date_gmt":"2009-08-31T20:21:55","guid":{"rendered":"http:\/\/www.cuforum.pl\/wp\/?page_id=2"},"modified":"2022-08-12T10:32:32","modified_gmt":"2022-08-12T10:32:32","slug":"about","status":"publish","type":"page","link":"https:\/\/s.cuforum.pl\/?page_id=636","title":{"rendered":"Idea"},"content":{"rendered":"<figure id=\"attachment_2955\" aria-describedby=\"caption-attachment-2955\" style=\"width: 340px\" class=\"wp-caption alignleft\"><img fetchpriority=\"high\" decoding=\"async\" class=\"wp-image-2955\" title=\"Logo SFC\" src=\"https:\/\/s.cuforum.pl\/wp-content\/uploads\/2020\/12\/cropped-logo-forum-ceramikow-12-1.png\" alt=\"Forum Ceramik\u00f3w\" width=\"340\" height=\"340\" srcset=\"https:\/\/s.cuforum.pl\/wp-content\/uploads\/2020\/12\/cropped-logo-forum-ceramikow-12-1.png 4167w, https:\/\/s.cuforum.pl\/wp-content\/uploads\/2020\/12\/cropped-logo-forum-ceramikow-12-1-300x300.png 300w\" sizes=\"(max-width: 340px) 100vw, 340px\" \/><figcaption id=\"caption-attachment-2955\" class=\"wp-caption-text\">Logo Stowarzyszenia Forum Ceramik\u00f3wForum<\/figcaption><\/figure>\n<p>Stowarzyszenie Forum Ceramik\u00f3w jest zrzeszaniem os\u00f3b fizycznych, zawi\u0105zanym dla wsparcia <a title=\"OPIS DZIA\u0141ALNO\u015aCI  W LATACH 2006 - 20012\" href=\"https:\/\/s.cuforum.pl\/?page_id=33\">wszelkich dzia\u0142a\u0144<\/a>, proces\u00f3w, zjawisk, os\u00f3b oraz idei dla kt\u00f3rych ceramika jest istotnym elementem ich zaistnienia. Stowarzyszenie\u00a0 dzia\u0142a na rzecz wszystkich,\u00a0 kt\u00f3rzy poszukuj\u0105 kontaktu z kultur\u0105 i tw\u00f3rczo\u015bci\u0105, bez wzgl\u0119du na wiek, p\u0142e\u0107 i wykszta\u0142cenie .<br \/>\nNajwa\u017cniejszym\u00a0 jest\u00a0 dla nas\u00a0 idea\u00a0 dzielenia si\u0119 umiej\u0119tno\u015bciami, talentami i w\u0142asn\u0105 pasj\u0105 w taki spos\u00f3b aby by\u0142a ona \u017ar\u00f3d\u0142em\u00a0\u00a0 rado\u015bci p\u0142yn\u0105cej z tej wymiany pobudzaj\u0105c do\u00a0 nowych wsp\u00f3lnych dzia\u0142a\u0144; odkrywania nowego i doskonalenia si\u0119.<\/p>\n<p>Stowarzyszenie Forum Ceramik\u00f3w dzia\u0142a jako grupa nieformalna od 2003roku. W 2005 roku Stowarzyszenie zosta\u0142o zarejestrowane <a title=\"Statut Stowarzyszenia Forum Ceramik\u00f3w\" href=\"http:\/\/www.krs-online.com.pl\/stowarzyszenie-forum-ceramikow-krs-223655.html\" target=\"_blank\" rel=\"noopener\">[KRS<\/a>].<\/p>\n<p style=\"text-align: right;\"><a title=\"Deklaracja cz\u0142onkowska Stowarzyszenia Forum Ceramik\u00f3w\" href=\"https:\/\/s.cuforum.pl\/wp-content\/uploads\/2009\/09\/DEKLARACJA-CZ%C5%81ONKOWSKA.pdf\">DEKLARACJA CZ\u0141ONKOWSKA<\/a><\/p>\n","protected":false},"excerpt":{"rendered":"<p>Stowarzyszenie Forum Ceramik\u00f3w jest zrzeszaniem os\u00f3b fizycznych, zawi\u0105zanym dla wsparcia wszelkich dzia\u0142a\u0144, proces\u00f3w, zjawisk, os\u00f3b oraz idei dla kt\u00f3rych ceramika jest istotnym elementem ich zaistnienia. Stowarzyszenie\u00a0 dzia\u0142a na rzecz wszystkich,\u00a0 kt\u00f3rzy poszukuj\u0105 kontaktu z kultur\u0105 i tw\u00f3rczo\u015bci\u0105, bez wzgl\u0119du na wiek, p\u0142e\u0107 i wykszta\u0142cenie . Najwa\u017cniejszym\u00a0 jest\u00a0 dla nas\u00a0 idea\u00a0 dzielenia si\u0119 umiej\u0119tno\u015bciami, talentami i&#8230;<\/p>\n","protected":false},"author":1,"featured_media":0,"parent":0,"menu_order":1,"comment_status":"closed","ping_status":"open","template":"","meta":{"_uag_custom_page_level_css":"","_kadence_starter_templates_imported_post":false,"_kad_post_transparent":"","_kad_post_title":"","_kad_post_layout":"","_kad_post_sidebar_id":"","_kad_post_content_style":"","_kad_post_vertical_padding":"","_kad_post_feature":"","_kad_post_feature_position":"","_kad_post_header":false,"_kad_post_footer":false,"_kad_post_classname":"","footnotes":""},"class_list":["post-636","page","type-page","status-publish","hentry"],"uagb_featured_image_src":{"full":false,"thumbnail":false,"medium":false,"medium_large":false,"large":false,"1536x1536":false,"2048x2048":false},"uagb_author_info":{"display_name":"zkm","author_link":"https:\/\/s.cuforum.pl\/?author=1"},"uagb_comment_info":1,"uagb_excerpt":"Stowarzyszenie Forum Ceramik\u00f3w jest zrzeszaniem os\u00f3b fizycznych, zawi\u0105zanym dla wsparcia wszelkich dzia\u0142a\u0144, proces\u00f3w, zjawisk, os\u00f3b oraz idei dla kt\u00f3rych ceramika jest istotnym elementem ich zaistnienia. Stowarzyszenie\u00a0 dzia\u0142a na rzecz wszystkich,\u00a0 kt\u00f3rzy poszukuj\u0105 kontaktu z kultur\u0105 i tw\u00f3rczo\u015bci\u0105, bez wzgl\u0119du na wiek, p\u0142e\u0107 i wykszta\u0142cenie . Najwa\u017cniejszym\u00a0 jest\u00a0 dla nas\u00a0 idea\u00a0 dzielenia si\u0119 umiej\u0119tno\u015bciami, talentami i...","_links":{"self":[{"href":"https:\/\/s.cuforum.pl\/index.php?rest_route=\/wp\/v2\/pages\/636","targetHints":{"allow":["GET"]}}],"collection":[{"href":"https:\/\/s.cuforum.pl\/index.php?rest_route=\/wp\/v2\/pages"}],"about":[{"href":"https:\/\/s.cuforum.pl\/index.php?rest_route=\/wp\/v2\/types\/page"}],"author":[{"embeddable":true,"href":"https:\/\/s.cuforum.pl\/index.php?rest_route=\/wp\/v2\/users\/1"}],"replies":[{"embeddable":true,"href":"https:\/\/s.cuforum.pl\/index.php?rest_route=%2Fwp%2Fv2%2Fcomments&post=636"}],"version-history":[{"count":11,"href":"https:\/\/s.cuforum.pl\/index.php?rest_route=\/wp\/v2\/pages\/636\/revisions"}],"predecessor-version":[{"id":3001,"href":"https:\/\/s.cuforum.pl\/index.php?rest_route=\/wp\/v2\/pages\/636\/revisions\/3001"}],"wp:attachment":[{"href":"https:\/\/s.cuforum.pl\/index.php?rest_route=%2Fwp%2Fv2%2Fmedia&parent=636"}],"curies":[{"name":"wp","href":"https:\/\/api.w.org\/{rel}","templated":true}]}}