{"id":820,"date":"2011-02-28T10:51:18","date_gmt":"2011-02-28T09:51:18","guid":{"rendered":"http:\/\/s.cuforum.pl\/?page_id=820"},"modified":"2022-08-11T14:02:54","modified_gmt":"2022-08-11T14:02:54","slug":"arteterapia-zajecia","status":"publish","type":"page","link":"https:\/\/s.cuforum.pl\/?page_id=820","title":{"rendered":"Zaj\u0119cia arteterapeutyczne &#8211; Terapia i rozw\u00f3j poprzez sztuk\u0119"},"content":{"rendered":"<p><strong>Terapia i rozw\u00f3j poprzez sztuk\u0119<\/strong><\/p>\n<p>To oferta przeznaczona jest dla dzieci nadpobudliwych, cierpi\u0105cych na ADHD, dysgrafik\u00f3w oraz dzieci z nisk\u0105 motywacj\u0105 do nauki i k\u0142opotami z koncentracj\u0105. W warsztatach mog\u0105 tak\u017ce uczestniczy\u0107 dzieci z obni\u017con\u0105 sprawno\u015bci\u0105 ruchow\u0105, dzieci zamkni\u0119te w sobie, nieufne, maj\u0105ce problemy z\u00a0nawi\u0105zywaniem kontakt\u00f3w interpersonalnych, czy ekspresj\u0105 emocji.<\/p>\n<p><strong>Zaj\u0119cia w Pracowni Rze\u017aby i Ceramiki to:<\/strong><\/p>\n<ul>\n<li>aktywne i tw\u00f3rcze sp\u0119dzenie wolnego czasu,<\/li>\n<li>odkrywanie nowego sposobu patrzenia na otoczenie i na sztuk\u0119,<\/li>\n<li>realizowanie w\u0142asnych\u00a0 pomys\u0142\u00f3w, wyra\u017canie uczu\u0107 i pragnie\u0144,<\/li>\n<li>rozwijanie zainteresowa\u0144 i wyobra\u017ani oraz kszta\u0142towanie wra\u017cliwo\u015bci artystycznej,<\/li>\n<li>\u0107wiczenie cierpliwo\u015bci, koncentracji, precyzji i konsekwencji w tworzeniu przedmiot\u00f3w ceramicznych,<\/li>\n<li>doskonalenie zdolno\u015bci\u00a0 manualnych.<\/li>\n<\/ul>\n<p>Udzia\u0142 w warsztatach ceramicznych pomaga w procesie integracji dziecka, jego uaktywniania i\u00a0otwierania si\u0119 . Stwarza mo\u017cliwo\u015b\u0107 odreagowania emocji, czy do\u015bwiadcze\u0144, a tak\u017ce pokonania swoich s\u0142abo\u015bci. Samodzielne tworzenie uczy odpowiedzialno\u015bci za wykonane zadania, wyzwala spontaniczno\u015b\u0107 i ekspresj\u0119, a zarazem ukierunkowuje energi\u0119 dziecka.<\/p>\n<p>Zaj\u0119cia nie wymagaj\u0105 od uczestnik\u00f3w zdolno\u015bci artystycznych. Warsztaty prowadzone s\u0105 w ma\u0142ych grupach przez pani\u0105 Aleksandr\u0119 Kwolek &#8211; absolwentk\u0119 wroc\u0142awskiej Akademii Sztuk Pi\u0119knych &#8211; kt\u00f3ra opiekuje si\u0119 pracowni\u0105, s\u0142u\u017cy swoim do\u015bwiadczeniem, rad\u0105 i pomoc\u0105. Do niej powinny zg\u0142asza\u0107 si\u0119 osoby zainteresowane udzia\u0142em w warsztatach ceramicznych. Zapraszamy !<\/p>\n<p>Informacje:\u00a0<a href=\"http:\/\/kwolek.eu\" target=\"_blank\" rel=\"noopener\">Aleksandra Kwolek<\/a><br \/>\ntel.\u00a0 608\u00a0724\u00a0022;\u00a0e-mail: <a href=\"mailto:artceramika@gmail.com\">artceramika@gmail.com<\/a><\/p>\n","protected":false},"excerpt":{"rendered":"<p>Terapia i rozw\u00f3j poprzez sztuk\u0119 To oferta przeznaczona jest dla dzieci nadpobudliwych, cierpi\u0105cych na ADHD, dysgrafik\u00f3w oraz dzieci z nisk\u0105 motywacj\u0105 do nauki i k\u0142opotami z koncentracj\u0105. W warsztatach mog\u0105 tak\u017ce uczestniczy\u0107 dzieci z obni\u017con\u0105 sprawno\u015bci\u0105 ruchow\u0105, dzieci zamkni\u0119te w sobie, nieufne, maj\u0105ce problemy z\u00a0nawi\u0105zywaniem kontakt\u00f3w interpersonalnych, czy ekspresj\u0105 emocji. Zaj\u0119cia w Pracowni Rze\u017aby i&#8230;<\/p>\n","protected":false},"author":1,"featured_media":0,"parent":125,"menu_order":0,"comment_status":"open","ping_status":"open","template":"","meta":{"_uag_custom_page_level_css":"","_kadence_starter_templates_imported_post":false,"_kad_post_transparent":"","_kad_post_title":"","_kad_post_layout":"","_kad_post_sidebar_id":"","_kad_post_content_style":"","_kad_post_vertical_padding":"","_kad_post_feature":"","_kad_post_feature_position":"","_kad_post_header":false,"_kad_post_footer":false,"_kad_post_classname":"","footnotes":""},"class_list":["post-820","page","type-page","status-publish","hentry"],"uagb_featured_image_src":{"full":false,"thumbnail":false,"medium":false,"medium_large":false,"large":false,"1536x1536":false,"2048x2048":false},"uagb_author_info":{"display_name":"zkm","author_link":"https:\/\/s.cuforum.pl\/?author=1"},"uagb_comment_info":0,"uagb_excerpt":"Terapia i rozw\u00f3j poprzez sztuk\u0119 To oferta przeznaczona jest dla dzieci nadpobudliwych, cierpi\u0105cych na ADHD, dysgrafik\u00f3w oraz dzieci z nisk\u0105 motywacj\u0105 do nauki i k\u0142opotami z koncentracj\u0105. W warsztatach mog\u0105 tak\u017ce uczestniczy\u0107 dzieci z obni\u017con\u0105 sprawno\u015bci\u0105 ruchow\u0105, dzieci zamkni\u0119te w sobie, nieufne, maj\u0105ce problemy z\u00a0nawi\u0105zywaniem kontakt\u00f3w interpersonalnych, czy ekspresj\u0105 emocji. Zaj\u0119cia w Pracowni Rze\u017aby i...","_links":{"self":[{"href":"https:\/\/s.cuforum.pl\/index.php?rest_route=\/wp\/v2\/pages\/820","targetHints":{"allow":["GET"]}}],"collection":[{"href":"https:\/\/s.cuforum.pl\/index.php?rest_route=\/wp\/v2\/pages"}],"about":[{"href":"https:\/\/s.cuforum.pl\/index.php?rest_route=\/wp\/v2\/types\/page"}],"author":[{"embeddable":true,"href":"https:\/\/s.cuforum.pl\/index.php?rest_route=\/wp\/v2\/users\/1"}],"replies":[{"embeddable":true,"href":"https:\/\/s.cuforum.pl\/index.php?rest_route=%2Fwp%2Fv2%2Fcomments&post=820"}],"version-history":[{"count":2,"href":"https:\/\/s.cuforum.pl\/index.php?rest_route=\/wp\/v2\/pages\/820\/revisions"}],"predecessor-version":[{"id":2926,"href":"https:\/\/s.cuforum.pl\/index.php?rest_route=\/wp\/v2\/pages\/820\/revisions\/2926"}],"up":[{"embeddable":true,"href":"https:\/\/s.cuforum.pl\/index.php?rest_route=\/wp\/v2\/pages\/125"}],"wp:attachment":[{"href":"https:\/\/s.cuforum.pl\/index.php?rest_route=%2Fwp%2Fv2%2Fmedia&parent=820"}],"curies":[{"name":"wp","href":"https:\/\/api.w.org\/{rel}","templated":true}]}}